{"id":4911,"date":"2015-07-14T10:49:05","date_gmt":"2015-07-14T10:49:05","guid":{"rendered":"http:\/\/nhakhoadrhung.com\/en\/shw_services\/phau-thuat\/"},"modified":"2018-12-14T14:09:22","modified_gmt":"2018-12-14T07:09:22","slug":"oral-surgery","status":"publish","type":"page","link":"https:\/\/nhakhoadrhung.com\/en\/oral-surgery\/","title":{"rendered":"Oral surgery"},"content":{"rendered":"[vc_row][vc_column][vc_tta_tabs][vc_tta_section title=&#8221;Informations&#8221; tab_id=&#8221;1491889643462-7dcfc9db-708c&#8221;][vc_column_text]Dr. Hung &amp; Associates Dental Center offers various kinds of oral surgery, such as: removal of impacted wisdom tooth, gum graft surgery, periodontal surgery\u2026<\/p>\n<p><!--more--><\/p>\n<p><strong>Overview<\/strong><\/p>\n<p>Wisdom tooth extraction is a surgical procedure to remove one or more wisdom teeth \u2014 the four permanent adult teeth located at the back corners of your mouth on the top and bottom.<\/p>\n<p>If a wisdom tooth doesn&#8217;t have room to grow (impacted wisdom tooth), this would result in pain, infection or other dental problems. You&#8217;ll need to have it pulled. Wisdom tooth extraction may be done by a dentist or an oral surgeon.<\/p>\n<p>To prevent potential future problems, some dentists and oral surgeons recommend wisdom tooth extraction even if impacted teeth aren&#8217;t currently causing problems.<\/p>\n<p>Why is wisdom tooth extraction necessary?<\/p>\n<p>Wisdom teeth, or third molars, are the last permanent teeth to appear (erupt) in the mouth. These teeth usually appear between the ages of 17 and 25. Some people never have wisdom teeth. For others, wisdom teeth erupt normally \u2014 just as their other molars did \u2014 and cause no problems.<\/p>\n<p>Many people develop impacted wisdom teeth \u2014 teeth that don&#8217;t have enough room to erupt into the mouth or develop normally. Impacted wisdom teeth may erupt only partially or not at all.<\/p>\n<p><img loading=\"lazy\" class=\"size-event-post-thumb wp-image-3307\" src=\"http:\/\/nhakhoadrhung.com\/wp-content\/uploads\/2015\/07\/chup-phim-X-rays-nhakhoadrhung-630x300.jpg\" alt=\"B\u1ea1n c\u1ea7n \u0111\u1ebfn trung t\u00e2m nha khoa uy t\u00edn kh\u00e1m v\u00e0 ch\u1ee5p phim X-rays\" width=\"630\" height=\"300\" \/><\/p>\n<p><strong>An impacted wisdom tooth may:<\/strong><\/p>\n<ul>\n<li>Grow at an angle toward the back of the mouth<\/li>\n<li>Grow at an angle toward the next tooth (second molar)<\/li>\n<li>Grow at a right angle to the other teeth, as if the wisdom tooth is &#8220;lying down&#8221; within the jawbone<\/li>\n<li>Grow straight up or down like other teeth but stay trapped within the jawbone<\/li>\n<\/ul>\n<p>Problems with impacted wisdom teeth<\/p>\n<p>You&#8217;ll need your impacted wisdom tooth pulled if it results in problems such as:<\/p>\n<ul>\n<li>Pain<\/li>\n<li>Trapping food and debris behind the wisdom tooth<\/li>\n<li>Infection or gum disease (periodontal disease)<\/li>\n<li>Tooth decay in a partially erupted wisdom tooth<\/li>\n<li>Damage to a nearby tooth or surrounding bone<\/li>\n<li>Development of a fluid-filled sac (cyst) around the wisdom tooth<\/li>\n<li>Complications with orthodontic treatments to straighten other teeth<\/li>\n<\/ul>\n<p><img loading=\"lazy\" class=\"size-event-post-thumb wp-image-3308\" src=\"http:\/\/nhakhoadrhung.com\/wp-content\/uploads\/2015\/07\/nho-rang-khong-sang-chan-630x300.jpg\" alt=\"nh\u1ed5 r\u0103ng kh\u00f4ng sang ch\u1ea5n\" width=\"630\" height=\"300\" \/><\/p>\n<p>Preventing future dental problems<\/p>\n<p>Dental specialists disagree about the value of extracting impacted wisdom tooth that isn&#8217;t causing problems (asymptomatic).<\/p>\n<p>It&#8217;s difficult to predict future problems with impacted wisdom teeth. However, here&#8217;s the rationale for preventive extraction:<\/p>\n<ul>\n<li>Symptom-free wisdom tooth could still harbor disease.<\/li>\n<li>If there isn&#8217;t enough space for the tooth to erupt, it&#8217;s often hard to get to it and clean it properly.<\/li>\n<li>Serious complications with wisdom tooth happen less often in younger adults.<\/li>\n<li>Older adults may experience difficulty with surgery and complications after surgery.<\/li>\n<\/ul>\n<p><strong>Risks<\/strong><\/p>\n<p>Most wisdom tooth extractions generally don&#8217;t result in complications. However, removal of impacted wisdom tooth occasionally requires a surgical approach that involves making an incision in the gum tissue and removing bone. Rarely, complications can include:<\/p>\n<ul>\n<li>Painful dry socket, or exposure of bone when the post-surgical blood clot is lost from the site of the surgical wound (socket)<\/li>\n<li>Infection in the socket from bacteria or trapped food particles<\/li>\n<li>Damage to nearby teeth, nerves, jawbone or sinuses<\/li>\n<\/ul>\n<p>How you prepare<\/p>\n<p>Your dentist may perform the procedure in the office. However, if your tooth is deeply impacted or if the extraction requires an in-depth surgical approach, your dentist may suggest you see an oral surgeon. In addition to making the area numb with local anesthetic, your surgeon may suggest sedation to allow you to be more comfortable during the procedure. At Dr. Hung &amp; Associates Dental Center, we are fully equipped with different types of anesthesia care to ensure you feel no pain during the procedure.<\/p>\n<p>Questions to ask<\/p>\n<p>Questions you may want to ask your dentist or oral surgeon include:<\/p>\n<ul>\n<li>How many wisdom teeth need to be removed?<\/li>\n<li>What type of anesthesia will I receive?<\/li>\n<li>How complicated do you expect the procedure to be?<\/li>\n<li>How long is the procedure likely to last?<\/li>\n<li>Have the impacted wisdom teeth caused damage to other teeth?<\/li>\n<li>Is there a risk that I might have nerve damage?<\/li>\n<li>What other dental treatments might I need at a later date?<\/li>\n<li>How long does it take to completely heal and return to normal activity?<\/li>\n<\/ul>\n<p>Preparing for surgery<\/p>\n<p>A wisdom tooth extraction is almost always performed as an outpatient procedure. This means that you go home the same day.<\/p>\n<p>You&#8217;ll receive instructions from the hospital or dental clinic staff on what to do before the surgery and the day of your scheduled surgery. Ask these questions:<\/p>\n<ul>\n<li>Will I need to make arrangement for someone to drive me home after the procedure?<\/li>\n<li>When do I need to arrive at the dental clinic or hospital?<\/li>\n<li>Do I need to avoid eating food or drinking fluids or both (fast)? If so, when do I begin?<\/li>\n<li>Can I take my prescription medications before the surgery? If so, how soon before the surgery can I take a dose?<\/li>\n<li>Should I avoid any nonprescription drugs before the surgery?<\/li>\n<\/ul>\n<p>What you can expect during the procedure<\/p>\n<p>Our doctors may use one of three types of anesthesia, depending on the expected complexity of the wisdom tooth extraction and your comfort level. Options include:<\/p>\n<ul>\n<li>Local anesthesia. The doctor administers local anesthesia with one or more injections near the site of each extraction. Before you receive an injection, the doctor will likely apply a substance to your gums to numb them. You&#8217;re awake during the tooth extraction. Although you&#8217;ll feel some pressure and movement, you shouldn&#8217;t experience pain.<\/li>\n<li>Sedation anesthesia. The doctor gives you sedation anesthesia through an intravenous (IV) line in your arm. Sedation anesthesia suppresses your consciousness during the procedure. You don&#8217;t feel any pain and will have limited memory of the procedure. You&#8217;ll also receive local anesthesia to numb your gums.<\/li>\n<li>General anesthesia. In special situations, you may be offered general anesthesia. You may inhale medication through your nose or have an IV line in your arm, or both. Then you lose consciousness. Our surgical team closely monitors your medication, breathing, temperature, fluids and blood pressure. You&#8217;ll experience no pain and have no memory of the procedure. Local anesthesia is also given to help with postoperative discomfort.<\/li>\n<\/ul>\n<p>During wisdom tooth extraction, our doctor will:<\/p>\n<ul>\n<li>Make an incision in the gum tissue to expose the tooth and bone<\/li>\n<li>Remove bone that blocks access to the tooth root<\/li>\n<li>Divide the tooth into sections if it&#8217;s easier to remove in pieces<\/li>\n<li>Remove the tooth<\/li>\n<li>Clean the site of the removed tooth of any debris from the tooth or bone<\/li>\n<li>Stitch the wound closed to promote healing, though this isn&#8217;t always necessary<\/li>\n<li>Place gauze over the extraction site to control bleeding and to help a blood clot form<\/li>\n<\/ul>\n<p>After the procedure<\/p>\n<p>If you receive sedation anesthesia or general anesthesia, you&#8217;re taken to a recovery room after the procedure. If you have local anesthesia, your brief recovery time is likely in the dental chair.<\/p>\n<p>As you heal from your surgery, follow the doctor&#8217;s instructions on:<\/p>\n<ul>\n<li>Bleeding. Some oozing of blood may occur the first day after wisdom tooth removal. Try to avoid excessive spitting so that you don&#8217;t dislodge the blood clot from the socket. Replace gauze over the extraction site as directed by your dentist or oral surgeon.<\/li>\n<li>Pain management. You may be able to manage pain with an over-the-counter pain reliever, such as acetaminophen (Tylenol, others), or a prescription pain medication from your dentist or oral surgeon. Prescription pain medication may be especially helpful if bone has been removed during the procedure. Holding a cold pack against your jaw also may relieve pain.<\/li>\n<li>Swelling and bruising. Use an ice pack as directed by your dentist or surgeon. Any swelling of your cheeks usually improves in two or three days. Bruising may take several more days to resolve.<\/li>\n<li>Activity. After your surgery, plan to rest for the remainder of the day. Resume normal activities the next day, but for at least a week, avoid strenuous activity that might result in dislodging the blood clot from the socket.<\/li>\n<li>Beverages. Drink lots of water after the surgery. Don&#8217;t drink alcoholic, caffeinated, carbonated or hot beverages in the first 24 hours. Don&#8217;t drink with a straw for at least a week because the sucking action can dislodge the blood clot from the socket.<\/li>\n<li>Food. Eat only soft foods, such as yogurt or applesauce, for the first 24 hours. Start eating semisoft foods when you can tolerate them. Avoid hard, chewy, hot or spicy foods that might get stuck in the socket or irritate the wound.<\/li>\n<li>Cleaning your mouth. Don&#8217;t brush your teeth, rinse your mouth, spit or use mouthwash during the first 24 hours after surgery. Typically you&#8217;ll be told to resume brushing your teeth after the first 24 hours. Be particularly gentle near the surgical wound when brushing and gently rinse your mouth with warm salt water every two hours and after meals for a week.<\/li>\n<li>Tobacco use. If you smoke, don&#8217;t do so for at least 72 hours after surgery \u2014 and wait longer than that if possible. If you chew tobacco, don&#8217;t use it for at least a week. Using tobacco products after oral surgery can delay healing and increase the risk of complications.<\/li>\n<li>Stitches. You may have stitches that dissolve within a few weeks or no stitches at all. If your stitches need to be removed, schedule an appointment to have them taken out.<\/li>\n<\/ul>\n<p>When to call your dentist or surgeon<\/p>\n<p>Call your dentist or oral surgeon if you experience any of the following signs or symptoms, which could indicate an infection, nerve damage or other serious complication:<\/p>\n<ul>\n<li>Difficulty swallowing or breathing<\/li>\n<li>Excessive bleeding<\/li>\n<li>Fever<\/li>\n<li>Severe pain not relieved by prescribed pain medications<\/li>\n<li>Swelling that worsens after two or three days<\/li>\n<li>A bad taste in your mouth even after saltwater rinsing<\/li>\n<li>Pus in or oozing from the socket<\/li>\n<li>Persistent numbness or loss of feeling<\/li>\n<li>Blood or pus in nasal discharge<\/li>\n<\/ul>\n<p>Results<\/p>\n<p>You probably won&#8217;t need a follow-up appointment after a wisdom tooth extraction if:<\/p>\n<ul>\n<li>You don&#8217;t need stitches removed<\/li>\n<li>No complications arose during the procedure<\/li>\n<li>You don&#8217;t experience persistent problems, such as pain, swelling, numbness or bleeding \u2014 complications that might indicate infection, nerve damage or other problems<\/li>\n<\/ul>\n<p>If complications develop, contact your dentist or oral surgeon to discuss treatment options.<\/p>\n<p>What are the advantages of getting your impacted wisdom teeth removed at Dr. Hung &amp; Associates Dental Center?<\/p>\n<p>Getting your wisdom teeth removed at Dr. Hung &amp; associates dental Center will bring you many benefits, which result from our doctor\u2019s experience, the modern equipments and absolutely microbial-free environment provided during surgery. We offer:<\/p>\n<ul>\n<li>3D Cone-beam CT Scan preoperatively, which will give our doctor a precise view of the impacted tooth and how to get it removed as quick and atraumatic as possible<\/li>\n<li>Piezoelectric surgery machine, which uses ultrasonic power for to cut through the tooth, in order to decrease trauma to other kinds of tissue and thus, accelerate the healing process post operation<\/li>\n<li>Sedative anesthesia or general anesthesia, controlled by our experienced anesthesiologists. Under sedative anesthesia or general anesthesia, you will feel relaxed during and after the procedure. We can carry out the removal of all 4 wisdom teeth in one appointment, which helps save you time.<\/li>\n<\/ul>\n[\/vc_column_text][\/vc_tta_section][vc_tta_section title=&#8221;Prices&#8221; tab_id=&#8221;1491889643510-33ab3588-9a8d&#8221;][vc_column_text]\n<table class=\"table\">\n<tbody>\n<tr>\n<td data-sheets-value=\"{&quot;1&quot;:2,&quot;2&quot;:&quot;Bone Graft&quot;}\">Bone Graft<\/td>\n<td data-sheets-value=\"{&quot;1&quot;:2,&quot;2&quot;:&quot;200-300\/unit&quot;}\">200-300\/unit<\/td>\n<td data-sheets-value=\"{&quot;1&quot;:2,&quot;2&quot;:&quot;259-389\/unit&quot;}\">259-389\/unit<\/td>\n<td data-sheets-value=\"{&quot;1&quot;:2,&quot;2&quot;:&quot;178-268\/unit&quot;}\">178-268\/unit<\/td>\n<\/tr>\n<tr>\n<td data-sheets-value=\"{&quot;1&quot;:2,&quot;2&quot;:&quot;Membrane Graft&quot;}\">Membrane Graft<\/td>\n<td data-sheets-value=\"{&quot;1&quot;:2,&quot;2&quot;:&quot;100-200\/unit&quot;}\">100-200\/unit<\/td>\n<td data-sheets-value=\"{&quot;1&quot;:2,&quot;2&quot;:&quot;129 - 259\/ unit&quot;}\">129 \u2013 259\/ unit<\/td>\n<td data-sheets-value=\"{&quot;1&quot;:2,&quot;2&quot;:&quot;89 - 178\/ unit&quot;}\">89 \u2013 178\/ unit<\/td>\n<\/tr>\n<tr>\n<td data-sheets-value=\"{&quot;1&quot;:2,&quot;2&quot;:&quot;Sinus Lift&quot;}\">Sinus Lift<\/td>\n<td data-sheets-value=\"{&quot;1&quot;:2,&quot;2&quot;:&quot;500-800\/one side&quot;}\">500-800\/one side<\/td>\n<td data-sheets-value=\"{&quot;1&quot;:2,&quot;2&quot;:&quot;648-1037\/one side&quot;}\">648-1037\/one side<\/td>\n<td data-sheets-value=\"{&quot;1&quot;:2,&quot;2&quot;:&quot;447-715\/one side&quot;}\">447-715\/one side<\/td>\n<\/tr>\n<tr>\n<td data-sheets-value=\"{&quot;1&quot;:2,&quot;2&quot;:&quot;Teeth Lengthening&quot;}\">Teeth Lengthening<\/td>\n<td data-sheets-value=\"{&quot;1&quot;:2,&quot;2&quot;:&quot;100\/unit&quot;}\">100\/unit<\/td>\n<td data-sheets-value=\"{&quot;1&quot;:2,&quot;2&quot;:&quot;129\/unit&quot;}\">129\/unit<\/td>\n<td data-sheets-value=\"{&quot;1&quot;:2,&quot;2&quot;:&quot;89\/unit&quot;}\">89\/unit<\/td>\n<\/tr>\n<tr>\n<td data-sheets-value=\"{&quot;1&quot;:2,&quot;2&quot;:&quot;Frenectomy&quot;}\">Frenectomy<\/td>\n<td data-sheets-value=\"{&quot;1&quot;:2,&quot;2&quot;:&quot;325\/case&quot;}\">325\/case<\/td>\n<td data-sheets-value=\"{&quot;1&quot;:2,&quot;2&quot;:&quot;421\/ case&quot;}\">421\/ case<\/td>\n<td data-sheets-value=\"{&quot;1&quot;:2,&quot;2&quot;:&quot;290\/ case&quot;}\">290\/ case<\/td>\n<\/tr>\n<tr>\n<td data-sheets-value=\"{&quot;1&quot;:2,&quot;2&quot;:&quot;Cosmetic Gum SurgerynBone Reduced (if needed) &quot;}\">Cosmetic Gum Surgery<br \/>\nBone Reduced (if needed)<\/td>\n<td data-sheets-value=\"{&quot;1&quot;:2,&quot;2&quot;:&quot;100\/toothn100\/tooth&quot;}\">100\/tooth<br \/>\n100\/tooth<\/td>\n<td data-sheets-value=\"{&quot;1&quot;:2,&quot;2&quot;:&quot;129\/ toothn129\/ tooth&quot;}\">129\/ tooth<br \/>\n129\/ tooth<\/td>\n<td data-sheets-value=\"{&quot;1&quot;:2,&quot;2&quot;:&quot;89\/ toothn89\/ tooth&quot;}\">89\/ tooth<br \/>\n89\/ tooth<\/td>\n<\/tr>\n<tr>\n<td data-sheets-value=\"{&quot;1&quot;:2,&quot;2&quot;:&quot;Gum Graft&quot;}\">Gum Graft<\/td>\n<td data-sheets-value=\"{&quot;1&quot;:2,&quot;2&quot;:&quot;300 u2013 350\/unit&quot;}\">300 \u2013 350\/unit<\/td>\n<td data-sheets-value=\"{&quot;1&quot;:2,&quot;2&quot;:&quot;389 - 453\/ unit&quot;}\">389 \u2013 453\/ unit<\/td>\n<td data-sheets-value=\"{&quot;1&quot;:2,&quot;2&quot;:&quot;268 - 313\/ unit&quot;}\">268 \u2013 313\/ unit<\/td>\n<\/tr>\n<tr>\n<td data-sheets-value=\"{&quot;1&quot;:2,&quot;2&quot;:&quot;Apicoectomy Surgery&quot;}\">Apicoectomy Surgery<\/td>\n<td data-sheets-value=\"{&quot;1&quot;:2,&quot;2&quot;:&quot;75-150\/unit&quot;}\">75-150\/unit<\/td>\n<td data-sheets-value=\"{&quot;1&quot;:2,&quot;2&quot;:&quot;97-194\/unit&quot;}\">97-194\/unit<\/td>\n<td data-sheets-value=\"{&quot;1&quot;:2,&quot;2&quot;:&quot;67-134\/unit&quot;}\">67-134\/unit<\/td>\n<\/tr>\n<tr>\n<td data-sheets-value=\"{&quot;1&quot;:2,&quot;2&quot;:&quot;Tooth extraction&quot;}\">Tooth extraction<\/td>\n<td data-sheets-value=\"{&quot;1&quot;:2,&quot;2&quot;:&quot;50\/tooth&quot;}\">50\/tooth<\/td>\n<td data-sheets-value=\"{&quot;1&quot;:2,&quot;2&quot;:&quot;64\/ tooth&quot;}\">64\/ tooth<\/td>\n<td data-sheets-value=\"{&quot;1&quot;:2,&quot;2&quot;:&quot;44\/ tooth&quot;}\">44\/ tooth<\/td>\n<\/tr>\n<tr>\n<td data-sheets-value=\"{&quot;1&quot;:2,&quot;2&quot;:&quot;Atraumatic Extraction by Piezo machine&quot;}\">Atraumatic Extraction by Piezo machine<\/td>\n<td data-sheets-value=\"{&quot;1&quot;:2,&quot;2&quot;:&quot;100-150\/unit&quot;}\">100-150\/unit<\/td>\n<td data-sheets-value=\"{&quot;1&quot;:2,&quot;2&quot;:&quot;129 - 194\/ unit&quot;}\">129 \u2013 194\/ unit<\/td>\n<td data-sheets-value=\"{&quot;1&quot;:2,&quot;2&quot;:&quot;89 - 134\/ unit&quot;}\">89 \u2013 134\/ unit<\/td>\n<\/tr>\n<tr>\n<td data-sheets-value=\"{&quot;1&quot;:2,&quot;2&quot;:&quot;Atraumatic Extraction by Piezo machinenfor wisdom tooth\/ impacted tooth&quot;}\">Atraumatic Extraction by Piezo machine<br \/>\nfor wisdom tooth\/ impacted tooth<\/td>\n<td data-sheets-value=\"{&quot;1&quot;:2,&quot;2&quot;:&quot;150-250\/unit&quot;}\">150-250\/unit<\/td>\n<td data-sheets-value=\"{&quot;1&quot;:2,&quot;2&quot;:&quot;194-324\/unit&quot;}\">194-324\/unit<\/td>\n<td data-sheets-value=\"{&quot;1&quot;:2,&quot;2&quot;:&quot;134-223\/unit&quot;}\">134-223\/unit<\/td>\n<\/tr>\n<tr>\n<td data-sheets-value=\"{&quot;1&quot;:2,&quot;2&quot;:&quot;Surgery for bimaxillary protrusion wassmund and kole procedure&quot;}\">Surgery for bimaxillary protrusion wassmund and kole procedure<\/td>\n<td data-sheets-value=\"{&quot;1&quot;:2,&quot;2&quot;:&quot;4200 - 4500\/case&quot;}\">4200 \u2013 4500\/case<\/td>\n<td data-sheets-value=\"{&quot;1&quot;:2,&quot;2&quot;:&quot;5444 - 5832\/ case&quot;}\">5444 \u2013 5832\/ case<\/td>\n<td data-sheets-value=\"{&quot;1&quot;:2,&quot;2&quot;:&quot;3755 - 4023\/ case&quot;}\">3755 \u2013 4023\/ case<\/td>\n<\/tr>\n<tr>\n<td data-sheets-value=\"{&quot;1&quot;:2,&quot;2&quot;:&quot;Bilateral sagittal split osteotomy&quot;}\">Bilateral sagittal split osteotomy<\/td>\n<td data-sheets-value=\"{&quot;1&quot;:2,&quot;2&quot;:&quot;3000-4500\/case&quot;}\">3000-4500\/case<\/td>\n<td data-sheets-value=\"{&quot;1&quot;:2,&quot;2&quot;:&quot;3888 - 5832\/case&quot;}\">3888 \u2013 5832\/case<\/td>\n<td data-sheets-value=\"{&quot;1&quot;:2,&quot;2&quot;:&quot;2682 - 4023\/ case&quot;}\">2682 \u2013 4023\/ case<\/td>\n<\/tr>\n<tr>\n<td data-sheets-value=\"{&quot;1&quot;:2,&quot;2&quot;:&quot;Orthognatic surgery and jaw contouring&quot;}\">Orthognatic surgery and jaw contouring<\/td>\n<td data-sheets-value=\"{&quot;1&quot;:2,&quot;2&quot;:&quot;5000\/ lower jaw&quot;}\">5000\/ lower jaw<\/td>\n<td data-sheets-value=\"{&quot;1&quot;:2,&quot;2&quot;:&quot;6481\/ lower jaw&quot;}\">6481\/ lower jaw<\/td>\n<td data-sheets-value=\"{&quot;1&quot;:2,&quot;2&quot;:&quot;4470\/ lower jaw&quot;}\">4470\/ lower jaw<\/td>\n<\/tr>\n<tr>\n<td data-sheets-value=\"{&quot;1&quot;:2,&quot;2&quot;:&quot;Orthognatic surgery (both jaws) + jaw contouring&quot;}\">Orthognatic surgery (both jaws) + jaw contouring<\/td>\n<td data-sheets-value=\"{&quot;1&quot;:2,&quot;2&quot;:&quot;7000\/case&quot;}\">7000\/case<\/td>\n<td data-sheets-value=\"{&quot;1&quot;:2,&quot;2&quot;:&quot;9073 \/ case&quot;}\">9073 \/ case<\/td>\n<td data-sheets-value=\"{&quot;1&quot;:2,&quot;2&quot;:&quot;6259\/ case&quot;}\">6259\/ case<\/td>\n<\/tr>\n<tr>\n<td data-sheets-value=\"{&quot;1&quot;:2,&quot;2&quot;:&quot;Mandibular bilateral sagittal split osteotomy&quot;}\">Mandibular bilateral sagittal split osteotomy<\/td>\n<td data-sheets-value=\"{&quot;1&quot;:2,&quot;2&quot;:&quot;2500 - 3500\/case&quot;}\">2500 \u2013 3500\/case<\/td>\n<td data-sheets-value=\"{&quot;1&quot;:2,&quot;2&quot;:&quot;3240 - 4536\/ case&quot;}\">3240 \u2013 4536\/ case<\/td>\n<td data-sheets-value=\"{&quot;1&quot;:2,&quot;2&quot;:&quot;2235 - 3129\/ case&quot;}\">2235 \u2013 3129\/ case<\/td>\n<\/tr>\n<tr>\n<td data-sheets-value=\"{&quot;1&quot;:2,&quot;2&quot;:&quot;Mandibular angle reduction\/oval\/V-line&quot;}\">Mandibular angle reduction\/oval\/V-line<\/td>\n<td data-sheets-value=\"{&quot;1&quot;:2,&quot;2&quot;:&quot;3500 - 4500\/ case&quot;}\">3500 \u2013 4500\/ case<\/td>\n<td data-sheets-value=\"{&quot;1&quot;:2,&quot;2&quot;:&quot;4536 - 5832\/ case&quot;}\">4536 \u2013 5832\/ case<\/td>\n<td data-sheets-value=\"{&quot;1&quot;:2,&quot;2&quot;:&quot;3129 - 4023\/ case&quot;}\">3129 \u2013 4023\/ case<\/td>\n<\/tr>\n<tr>\n<td data-sheets-value=\"{&quot;1&quot;:2,&quot;2&quot;:&quot;Mandible nerve repositioning surgery&quot;}\">Mandible nerve repositioning surgery<\/td>\n<td data-sheets-value=\"{&quot;1&quot;:2,&quot;2&quot;:&quot;Enquire&quot;}\">Enquire<\/td>\n<td data-sheets-value=\"{&quot;1&quot;:2,&quot;2&quot;:&quot;Enquire&quot;}\">Enquire<\/td>\n<td data-sheets-value=\"{&quot;1&quot;:2,&quot;2&quot;:&quot;Enquire&quot;}\">Enquire<\/td>\n<\/tr>\n<\/tbody>\n<\/table>\n[\/vc_column_text][\/vc_tta_section][vc_tta_section title=&#8221;Images&#8221; tab_id=&#8221;1491889669574-0c7f7567-675c&#8221;][vc_gallery interval=&#8221;3&#8243; images=&#8221;3268,3265&#8243; img_size=&#8221;full&#8221;][\/vc_tta_section][\/vc_tta_tabs][\/vc_column][\/vc_row][vc_row][vc_column][vc_custom_heading text=&#8221;Oral surgery&#8221;][\/vc_column][\/vc_row]\n","protected":false},"excerpt":{"rendered":"<p>Lorem ipsum dolor sit amet, consecter tur adipiscing elit, sed do eiusmod tempor incididunt ut labore et dolore magna aliqua. Ut enim ad minim veniam, quis nostrud exercitation ulla mco laboris nisi ut aliquip ex ea com modo consequat<\/p>\n","protected":false},"author":16,"featured_media":0,"parent":0,"menu_order":5,"comment_status":"closed","ping_status":"closed","template":"","meta":[],"yst_prominent_words":[],"_links":{"self":[{"href":"https:\/\/nhakhoadrhung.com\/en\/wp-json\/wp\/v2\/pages\/4911\/"}],"collection":[{"href":"https:\/\/nhakhoadrhung.com\/en\/wp-json\/wp\/v2\/pages\/"}],"about":[{"href":"https:\/\/nhakhoadrhung.com\/en\/wp-json\/wp\/v2\/types\/page\/"}],"author":[{"embeddable":true,"href":"https:\/\/nhakhoadrhung.com\/en\/wp-json\/wp\/v2\/users\/16\/"}],"replies":[{"embeddable":true,"href":"https:\/\/nhakhoadrhung.com\/en\/wp-json\/wp\/v2\/comments\/?post=4911"}],"version-history":[{"count":4,"href":"https:\/\/nhakhoadrhung.com\/en\/wp-json\/wp\/v2\/pages\/4911\/revisions\/"}],"predecessor-version":[{"id":8366,"href":"https:\/\/nhakhoadrhung.com\/en\/wp-json\/wp\/v2\/pages\/4911\/revisions\/8366\/"}],"wp:attachment":[{"href":"https:\/\/nhakhoadrhung.com\/en\/wp-json\/wp\/v2\/media\/?parent=4911"}],"wp:term":[{"taxonomy":"yst_prominent_words","embeddable":true,"href":"https:\/\/nhakhoadrhung.com\/en\/wp-json\/wp\/v2\/yst_prominent_words\/?post=4911"}],"curies":[{"name":"wp","href":"https:\/\/api.w.org\/{rel}","templated":true}]}}