{"id":4858,"date":"2017-01-16T23:23:53","date_gmt":"2017-01-16T16:23:53","guid":{"rendered":"http:\/\/nhakhoadrhung.com\/en\/doi-ngu-bac-si\/"},"modified":"2018-12-12T16:29:22","modified_gmt":"2018-12-12T09:29:22","slug":"professional-team-old","status":"publish","type":"page","link":"https:\/\/nhakhoadrhung.com\/en\/professional-team-old\/","title":{"rendered":"Professional Team"},"content":{"rendered":"[vc_row][vc_column][vc_column_text]<strong>At Dr. HUNG &amp; ASSOCIATES DENTAL CENTER, we are is proud of our specialists in DENTAL IMPLANT, ESTHETIC DENTISTRY, PROSTHODONTICS, ORTHODONTICS, GUM DISEASES, GENERAL DENTISTRY, PEDODONTICS, ORAL SURGERY.<\/strong><\/p>\n<p>Our doctors attend annual training for continuing education to enhance their skills and knowledge. Our specialists work closely with each other to provide the best treatment for our clients.<\/p>\n<p>We thrive to uphold medical ethics and professional skills. We are always responsible and devoted to provide our clients with the best service.\u00a0The perfect combination of specialized doctors, modern equipment and the latest technology places our Dental Center at the top of the Dental Centers list in Vietnam.[\/vc_column_text][vc_custom_heading text=&#8221;DENTAL SPECIALISTS&#8221; use_theme_fonts=&#8221;yes&#8221;][vc_column_text]\n<table>\n<tbody>\n<tr>\n<td colspan=\"2\"><strong><img loading=\"lazy\" class=\"alignleft wp-image-339 size-full\" src=\"http:\/\/nhakhoadrhung.com\/wp-content\/uploads\/2015\/11\/tien-si-do-dinh-hung.jpg\" alt=\"tien-si-do-dinh-hung\" width=\"200\" height=\"238\" \/>HUNG DINH DO DDS, PhD<\/strong><br \/>\n<strong>Director<br \/>\n<\/strong>Job Title: Principal Dentist<br \/>\nSpecialisation: Cosmetic Dentistry, Implantology, Laser Dentistry, Oral and Maxillofacial Surgery, Prosthodontics<br \/>\nLanguages: English<\/td>\n<\/tr>\n<\/tbody>\n<\/table>\n<p>Biography:<br \/>\nGraduated from Ho Chi Minh City Medical and Pharmaceutical University with concentration in Odonto-Maxillofacial<br \/>\nDFMS (Dipl\u00f4me de Formation M\u00e9dicale Sp\u00e9cialis\u00e9e, or Diploma of Specialist Medical Training) &#8211; Level I: in Maxillofacial Surgery<br \/>\nDFMS \u2013 Level II: in Maxillofacial Rehabilitation<br \/>\nCompleted postgraduate education at University of Texas, School of Dentistry and MD Anderson Cancer Hospital, in 1999 with concentration in Dental Implant, Cosmetic Dentistry and\u00a0Maxillofacial Rehabilitation<br \/>\nPh.D with thesis related to Dental Implant.<\/p>\n<p>Working License Number: 001235\/HCM-CCHN<\/p>\n<p><img loading=\"lazy\" class=\"alignnone wp-image-341 size-full\" src=\"http:\/\/nhakhoadrhung.com\/wp-content\/uploads\/2015\/11\/nhansu_buianhtuan1.jpg\" alt=\"nhan su bui anh tuan\" width=\"108\" height=\"153\" \/><\/p>\n<p><strong>BUI ANH TUAN DDS<\/strong><br \/>\nJob Title: Doctor<br \/>\nSpecialisation: Implantology, Oral &amp; Maxillofacial Surgery<br \/>\nLanguages: English<br \/>\nBiography: Graduated from Ho Chi Minh City Medical and Pharmaceutical University in 1994, concentration in Surgery.<br \/>\nWorking License Number: 007417\/HCM-CCHN<\/p>\n<p><img loading=\"lazy\" class=\"alignnone wp-image-344 size-full\" src=\"http:\/\/nhakhoadrhung.com\/wp-content\/uploads\/2015\/11\/bs-le-van-kim.jpg\" alt=\"bs-le-van-kim\" width=\"108\" height=\"153\" \/><\/p>\n<p><strong>LE VAN KIM M.D, DFMS- level II, Anesthesiologi<\/strong><strong>st<\/strong><\/p>\n<p>&nbsp;<\/p>\n<p><img loading=\"lazy\" class=\"alignnone wp-image-345 size-full\" src=\"http:\/\/nhakhoadrhung.com\/wp-content\/uploads\/2015\/11\/nhansu_truongthingocthuy.png\" alt=\"nhansu_truongthingocthuy\" width=\"108\" height=\"153\" \/><\/p>\n<p><strong>TRUONG THI NGOC THUY DDS<\/strong><br \/>\n<strong>Head of general dentistry department<\/strong><br \/>\nJob Title: Doctor<br \/>\nSpecialisation: General Dentistry, Endodontics<br \/>\nLanguages: English<br \/>\nBiography:\u00a0Graduated from Ho Chi Minh City Medical and Pharmaceutical University in 1993, concentration in Odonto-Maxillofacial, Endodontics.<br \/>\nWorking License Number: 003690\/HCM-CCHN<\/p>\n<p><img loading=\"lazy\" class=\"alignnone wp-image-347 size-full\" src=\"http:\/\/nhakhoadrhung.com\/wp-content\/uploads\/2015\/11\/bs-ngo-cong-uan.jpg\" alt=\"bs-ngo-cong-uan\" width=\"108\" height=\"153\" \/><\/p>\n<p><strong>NGO CONG UAN DDS, Ms<\/strong><br \/>\n<strong>Vice head of cosmetic dentistry department<\/strong><br \/>\nJob Title: Doctor<br \/>\nSpecialisation: Oral and Maxillofacial Surgery, Prosthodontics<br \/>\nLanguages: English<br \/>\nBiography:<br \/>\nGraduated from Can Tho Medical and Pharmaceutical University in 2002.<br \/>\nGraduated with a Master Degree in Odonto-Maxillofacial Surgery-Stomatology from Hanoi University 2008.<\/p>\n<p>Working License Number: 001240\/HCM-CCHN<\/p>\n<p>&nbsp;<\/p>\n<p><img loading=\"lazy\" class=\"alignnone wp-image-348 size-full\" src=\"http:\/\/nhakhoadrhung.com\/wp-content\/uploads\/2015\/11\/bs-tuan.png\" alt=\"bs-tuan\" width=\"107\" height=\"144\" \/><\/p>\n<p><strong>BUI TUAN ANH DDS<\/strong><\/p>\n<p>Job Title: Doctor<br \/>\nSpecialisation: Orthodontics<br \/>\nLanguages: English<br \/>\nBiography:\u00a0Graduated from Ho Chi Minh City Medical and Pharmaceutical University in 2007, concentration in Orthodontics.<\/p>\n<p>Working License Number: 007357\/HCM-CCHN<\/p>\n<p>&nbsp;<\/p>\n<p><img loading=\"lazy\" class=\"alignnone wp-image-350 size-full\" src=\"http:\/\/nhakhoadrhung.com\/wp-content\/uploads\/2015\/11\/bs-lan.jpg\" alt=\"bs-lan\" width=\"108\" height=\"144\" \/><\/p>\n<p><strong>Vu Thi Phuong Lan DDS <\/strong><\/p>\n<p>Job Title: Doctor<br \/>\nSpecialisation: Implantology, Oral &amp; Maxillofacial Surgery<br \/>\nLanguages: English<br \/>\nBiography: Graduated from Ho Chi Minh City Medical and Pharmaceutical University.<\/p>\n<p>Working License Number: 0036071\/HCM-CCHN<\/p>\n<p>&nbsp;<\/p>\n<p>&nbsp;<\/p>\n<p><img loading=\"lazy\" class=\"alignnone wp-image-351 size-full\" src=\"http:\/\/nhakhoadrhung.com\/wp-content\/uploads\/2015\/11\/bs-loc.jpg\" alt=\"bs-loc\" width=\"108\" height=\"144\" \/><\/p>\n<p><strong>Nguyen Hoang Loc DDS<\/strong><\/p>\n<p>Job Title: Doctor<br \/>\nSpecialisation: General Dentistry , Cosmetic Dentistry<br \/>\nLanguages: English<br \/>\nBiography: Graduated from Ho Chi Minh City Medical and Pharmaceutical University.<\/p>\n<p>Working License Number: 037458\/HCM-CCHN<\/p>\n<p>&nbsp;<\/p>\n<p><img loading=\"lazy\" class=\"alignnone wp-image-352 size-full\" src=\"http:\/\/nhakhoadrhung.com\/wp-content\/uploads\/2015\/11\/bs-tri.jpg\" alt=\"bs-tri\" width=\"108\" height=\"144\" \/><\/p>\n<p><strong>Tran Minh Tri DDS<\/strong><\/p>\n<p>Job Title: Doctor<br \/>\nSpecialisation: General Dentistry , Cosmetic Dentistry<br \/>\nLanguages: English<br \/>\nBiography: Graduated from Ho Chi Minh City Medical and Pharmaceutical University.<\/p>\n<p>Working License Number: 0035672\/HCM-CCHN<\/p>\n<p>&nbsp;<\/p>\n<p><strong>OVERSEAS COOPERATIVE DOCTOR<br \/>\n<\/strong><img loading=\"lazy\" class=\"alignnone wp-image-353 size-full\" src=\"http:\/\/nhakhoadrhung.com\/wp-content\/uploads\/2015\/11\/dr_toan.jpg\" alt=\"dr_toan\" width=\"108\" height=\"153\" \/><\/p>\n<p><strong>Toan Ngoc Tran DDS (Australia)<\/strong><\/p>\n<p>Specialisation: Prosthodontics, General Practice<br \/>\nBiography:<br \/>\nGraduated from Ho Chi Minh City Medical and Pharmaceutical University in 1980, concentration in Dental Surgery.<br \/>\nGraduated from The University of Adelaide, Australia in 1994, concentration in Dental Surgery.<\/p>\n<p>&nbsp;<\/p>\n<p><img loading=\"lazy\" class=\"alignnone wp-image-354 size-full\" src=\"http:\/\/nhakhoadrhung.com\/wp-content\/uploads\/2015\/11\/bs-tran-dai-anh-minh.jpg\" alt=\"bs-tran-dai-anh-minh\" width=\"108\" height=\"153\" \/><\/p>\n<p><strong>Anh Minh Tran Dai DMD (US)<\/strong><\/p>\n<p>Specialisation: Dental Implantology, Oral Surgery, General Practice<br \/>\nBiography:<br \/>\nGraduated from Southern Illinois University School of Dental Medicine in 2001, Bachelor of Doctor of Dental Medicine.<\/p>\n<p>&nbsp;<\/p>\n<p>&nbsp;<\/p>\n<p>&nbsp;<\/p>\n<p><strong>PROFESSIONAL TEAM<\/strong><\/p>\n<p>&nbsp;<\/p>\n<p><img loading=\"lazy\" class=\"size-full wp-image-6469 aligncenter\" src=\"http:\/\/nhakhoadrhung.com\/wp-content\/uploads\/2018\/06\/bacsi.jpg\" alt=\"\" width=\"800\" height=\"490\" srcset=\"https:\/\/nhakhoadrhung.com\/wp-content\/uploads\/2018\/06\/bacsi.jpg 800w, https:\/\/nhakhoadrhung.com\/wp-content\/uploads\/2018\/06\/bacsi-300x184.jpg 300w, https:\/\/nhakhoadrhung.com\/wp-content\/uploads\/2018\/06\/bacsi-768x470.jpg 768w\" sizes=\"(max-width: 800px) 100vw, 800px\" \/><strong><br \/>\nDENTAL ASSISTANTS<\/strong><\/p>\n<p><img loading=\"lazy\" class=\"size-full wp-image-6471 aligncenter\" src=\"http:\/\/nhakhoadrhung.com\/wp-content\/uploads\/2018\/06\/ph\u1ee5-t\u00e1.jpg\" alt=\"\" width=\"800\" height=\"500\" srcset=\"https:\/\/nhakhoadrhung.com\/wp-content\/uploads\/2018\/06\/ph\u1ee5-t\u00e1.jpg 800w, https:\/\/nhakhoadrhung.com\/wp-content\/uploads\/2018\/06\/ph\u1ee5-t\u00e1-300x188.jpg 300w, https:\/\/nhakhoadrhung.com\/wp-content\/uploads\/2018\/06\/ph\u1ee5-t\u00e1-768x480.jpg 768w\" sizes=\"(max-width: 800px) 100vw, 800px\" \/><\/p>\n<p>The team of Dental assistants are professionally trained. Our team always works hard, serves gently and considerately.<\/p>\n<p><strong>IN HOUSE LABORATORY<\/strong><\/p>\n<p><img loading=\"lazy\" class=\"wp-image-5511\" src=\"http:\/\/nhakhoadrhung.com\/wp-content\/uploads\/2017\/01\/doi-ng-ky-thuat-vien-nha-khoa-dr-hung.jpg\" alt=\"\" width=\"800\" height=\"520\" srcset=\"https:\/\/nhakhoadrhung.com\/wp-content\/uploads\/2017\/01\/doi-ng-ky-thuat-vien-nha-khoa-dr-hung.jpg 1024w, https:\/\/nhakhoadrhung.com\/wp-content\/uploads\/2017\/01\/doi-ng-ky-thuat-vien-nha-khoa-dr-hung-300x195.jpg 300w, https:\/\/nhakhoadrhung.com\/wp-content\/uploads\/2017\/01\/doi-ng-ky-thuat-vien-nha-khoa-dr-hung-768x500.jpg 768w\" sizes=\"(max-width: 800px) 100vw, 800px\" \/>[\/vc_column_text][\/vc_column][\/vc_row][vc_row][vc_column][vc_empty_space][\/vc_column][\/vc_row]\n","protected":false},"excerpt":{"rendered":"[vc_row][vc_column][vc_column_text]At Dr. HUNG &amp; ASSOCIATES DENTAL CENTER, we are is proud of our specialists in DENTAL IMPLANT, ESTHETIC DENTISTRY, PROSTHODONTICS, ORTHODONTICS, GUM DISEASES, GENERAL DENTISTRY, PEDODONTICS, ORAL SURGERY. Our doctors attend annual training for continuing education to enhance their skills and knowledge. Our specialists work closely with each other to provide the best treatment for [&#8230;]\n","protected":false},"author":16,"featured_media":0,"parent":0,"menu_order":0,"comment_status":"closed","ping_status":"closed","template":"","meta":[],"yst_prominent_words":[],"_links":{"self":[{"href":"https:\/\/nhakhoadrhung.com\/en\/wp-json\/wp\/v2\/pages\/4858\/"}],"collection":[{"href":"https:\/\/nhakhoadrhung.com\/en\/wp-json\/wp\/v2\/pages\/"}],"about":[{"href":"https:\/\/nhakhoadrhung.com\/en\/wp-json\/wp\/v2\/types\/page\/"}],"author":[{"embeddable":true,"href":"https:\/\/nhakhoadrhung.com\/en\/wp-json\/wp\/v2\/users\/16\/"}],"replies":[{"embeddable":true,"href":"https:\/\/nhakhoadrhung.com\/en\/wp-json\/wp\/v2\/comments\/?post=4858"}],"version-history":[{"count":12,"href":"https:\/\/nhakhoadrhung.com\/en\/wp-json\/wp\/v2\/pages\/4858\/revisions\/"}],"predecessor-version":[{"id":8337,"href":"https:\/\/nhakhoadrhung.com\/en\/wp-json\/wp\/v2\/pages\/4858\/revisions\/8337\/"}],"wp:attachment":[{"href":"https:\/\/nhakhoadrhung.com\/en\/wp-json\/wp\/v2\/media\/?parent=4858"}],"wp:term":[{"taxonomy":"yst_prominent_words","embeddable":true,"href":"https:\/\/nhakhoadrhung.com\/en\/wp-json\/wp\/v2\/yst_prominent_words\/?post=4858"}],"curies":[{"name":"wp","href":"https:\/\/api.w.org\/{rel}","templated":true}]}}